{"id":6999,"date":"2025-04-22T11:07:00","date_gmt":"2025-04-22T11:07:00","guid":{"rendered":"https:\/\/mundopixel.es\/tienda\/?post_type=product&#038;p=6999"},"modified":"2025-05-27T16:20:21","modified_gmt":"2025-05-27T16:20:21","slug":"auriculares-con-microfono-y-conector-lightning-apokin-para-iphone","status":"publish","type":"product","link":"https:\/\/mundopixel.es\/tienda\/producto\/auriculares-con-microfono-y-conector-lightning-apokin-para-iphone\/","title":{"rendered":"Auriculares con Micr\u00f3fono y Conector Lightning APOKIN para iPhone"},"content":{"rendered":"<p><span>Bajos profundos y con m\u00e1s matices, protecci\u00f3n contra el agua y el sudor, te permite controlar la reproducci\u00f3n de archivos de m\u00fasica y v\u00eddeo as\u00ed como responder y\u00a0colgar llamadas<\/span><span>.<\/span><strong><span><\/span><\/strong><\/p>\n<p><strong><span>Especificaciones t\u00e9cnicas:<\/span><\/strong><\/p>\n<ul>\n<li><span>Auriculares con Micr\u00f3fono y Conector Lightning\u00a0APOKIN<\/span><\/li>\n<li><span>Referencia: AP-05979<\/span><\/li>\n<li><span>Color: Blanco<\/span><\/li>\n<li><span>Tipo de interfaz: Lightning<\/span><\/li>\n<li><span>Compatible con dispositivos conector Lightning: iPhone, iPad e iPod<\/span><\/li>\n<li><span>Cable: Longitud 1.2m<\/span><\/li>\n<\/ul>\n<table>\n<tr>\n<td>Conexi\u00f3n Audio<\/td>\n<td>Con Cable<\/td>\n<\/tr>\n<\/table>\n","protected":false},"excerpt":{"rendered":"<p>Bajos profundos y con m\u00e1s matices, protecci\u00f3n contra el agua y el sudor, te permite controlar la reproducci\u00f3n de archivos de m\u00fasica y v\u00eddeo as\u00ed como responder y\u00a0colgar llamadas. Especificaciones t\u00e9cnicas: Auriculares con Micr\u00f3fono y Conector Lightning\u00a0APOKIN Referencia: AP-05979 Color: Blanco Tipo de interfaz: Lightning Compatible con dispositivos conector Lightning: iPhone, iPad e iPod Cable: [&hellip;]<\/p>\n","protected":false},"featured_media":2650,"comment_status":"open","ping_status":"closed","template":"","meta":[],"product_brand":[],"product_cat":[247,165,167],"product_tag":[246],"class_list":{"0":"post-6999","1":"product","2":"type-product","3":"status-publish","4":"has-post-thumbnail","6":"product_cat-accesorios-movil","7":"product_cat-auriculares","8":"product_cat-auriculares-sin-diadema","9":"product_tag-producto","11":"first","12":"instock","13":"shipping-taxable","14":"purchasable","15":"product-type-simple"},"yoast_head":"<!-- This site is optimized with the Yoast SEO plugin v27.4 - https:\/\/yoast.com\/product\/yoast-seo-wordpress\/ -->\n<title>Auriculares con Micr\u00f3fono y Conector Lightning APOKIN para iPhone - Mundo Pixel<\/title>\n<meta name=\"robots\" content=\"index, follow, max-snippet:-1, max-image-preview:large, max-video-preview:-1\" \/>\n<link rel=\"canonical\" href=\"https:\/\/mundopixel.es\/tienda\/producto\/auriculares-con-microfono-y-conector-lightning-apokin-para-iphone\/\" \/>\n<meta property=\"og:locale\" content=\"es_ES\" \/>\n<meta property=\"og:type\" content=\"article\" \/>\n<meta property=\"og:title\" content=\"Auriculares con Micr\u00f3fono y Conector Lightning APOKIN para iPhone - Mundo Pixel\" \/>\n<meta property=\"og:description\" content=\"Bajos profundos y con m\u00e1s matices, protecci\u00f3n contra el agua y el sudor, te permite controlar la reproducci\u00f3n de archivos de m\u00fasica y v\u00eddeo as\u00ed como responder y\u00a0colgar llamadas. Especificaciones t\u00e9cnicas: Auriculares con Micr\u00f3fono y Conector Lightning\u00a0APOKIN Referencia: AP-05979 Color: Blanco Tipo de interfaz: Lightning Compatible con dispositivos conector Lightning: iPhone, iPad e iPod Cable: [&hellip;]\" \/>\n<meta property=\"og:url\" content=\"https:\/\/mundopixel.es\/tienda\/producto\/auriculares-con-microfono-y-conector-lightning-apokin-para-iphone\/\" \/>\n<meta property=\"og:site_name\" content=\"Mundo Pixel\" \/>\n<meta property=\"article:publisher\" content=\"https:\/\/www.facebook.com\/mundopixelocana\/\" \/>\n<meta property=\"article:modified_time\" content=\"2025-05-27T16:20:21+00:00\" \/>\n<meta property=\"og:image\" content=\"https:\/\/mundopixel.es\/tienda\/wp-content\/uploads\/2025\/03\/auriculares-con-microfono-y-conector-lightning-apokin-para-iphone-1.jpg\" \/>\n\t<meta property=\"og:image:width\" content=\"800\" \/>\n\t<meta property=\"og:image:height\" content=\"800\" \/>\n\t<meta property=\"og:image:type\" content=\"image\/jpeg\" \/>\n<meta name=\"twitter:card\" content=\"summary_large_image\" \/>\n<script type=\"application\/ld+json\" class=\"yoast-schema-graph\">{\"@context\":\"https:\\\/\\\/schema.org\",\"@graph\":[{\"@type\":\"WebPage\",\"@id\":\"https:\\\/\\\/mundopixel.es\\\/tienda\\\/producto\\\/auriculares-con-microfono-y-conector-lightning-apokin-para-iphone\\\/\",\"url\":\"https:\\\/\\\/mundopixel.es\\\/tienda\\\/producto\\\/auriculares-con-microfono-y-conector-lightning-apokin-para-iphone\\\/\",\"name\":\"Auriculares con Micr\u00f3fono y Conector Lightning APOKIN para iPhone - Mundo Pixel\",\"isPartOf\":{\"@id\":\"https:\\\/\\\/mundopixel.es\\\/tienda\\\/#website\"},\"primaryImageOfPage\":{\"@id\":\"https:\\\/\\\/mundopixel.es\\\/tienda\\\/producto\\\/auriculares-con-microfono-y-conector-lightning-apokin-para-iphone\\\/#primaryimage\"},\"image\":{\"@id\":\"https:\\\/\\\/mundopixel.es\\\/tienda\\\/producto\\\/auriculares-con-microfono-y-conector-lightning-apokin-para-iphone\\\/#primaryimage\"},\"thumbnailUrl\":\"https:\\\/\\\/mundopixel.es\\\/tienda\\\/wp-content\\\/uploads\\\/2025\\\/03\\\/auriculares-con-microfono-y-conector-lightning-apokin-para-iphone-1.jpg\",\"datePublished\":\"2025-04-22T11:07:00+00:00\",\"dateModified\":\"2025-05-27T16:20:21+00:00\",\"breadcrumb\":{\"@id\":\"https:\\\/\\\/mundopixel.es\\\/tienda\\\/producto\\\/auriculares-con-microfono-y-conector-lightning-apokin-para-iphone\\\/#breadcrumb\"},\"inLanguage\":\"es\",\"potentialAction\":[{\"@type\":\"ReadAction\",\"target\":[\"https:\\\/\\\/mundopixel.es\\\/tienda\\\/producto\\\/auriculares-con-microfono-y-conector-lightning-apokin-para-iphone\\\/\"]}]},{\"@type\":\"ImageObject\",\"inLanguage\":\"es\",\"@id\":\"https:\\\/\\\/mundopixel.es\\\/tienda\\\/producto\\\/auriculares-con-microfono-y-conector-lightning-apokin-para-iphone\\\/#primaryimage\",\"url\":\"https:\\\/\\\/mundopixel.es\\\/tienda\\\/wp-content\\\/uploads\\\/2025\\\/03\\\/auriculares-con-microfono-y-conector-lightning-apokin-para-iphone-1.jpg\",\"contentUrl\":\"https:\\\/\\\/mundopixel.es\\\/tienda\\\/wp-content\\\/uploads\\\/2025\\\/03\\\/auriculares-con-microfono-y-conector-lightning-apokin-para-iphone-1.jpg\",\"width\":800,\"height\":800},{\"@type\":\"BreadcrumbList\",\"@id\":\"https:\\\/\\\/mundopixel.es\\\/tienda\\\/producto\\\/auriculares-con-microfono-y-conector-lightning-apokin-para-iphone\\\/#breadcrumb\",\"itemListElement\":[{\"@type\":\"ListItem\",\"position\":1,\"name\":\"Portada\",\"item\":\"https:\\\/\\\/mundopixel.es\\\/tienda\\\/\"},{\"@type\":\"ListItem\",\"position\":2,\"name\":\"Catalogo\",\"item\":\"https:\\\/\\\/mundopixel.es\\\/tienda\\\/shop\\\/\"},{\"@type\":\"ListItem\",\"position\":3,\"name\":\"Auriculares con Micr\u00f3fono y Conector Lightning APOKIN para iPhone\"}]},{\"@type\":\"WebSite\",\"@id\":\"https:\\\/\\\/mundopixel.es\\\/tienda\\\/#website\",\"url\":\"https:\\\/\\\/mundopixel.es\\\/tienda\\\/\",\"name\":\"Mundo Pixel - Tienda Online\",\"description\":\"Tienda MundoPixel Oca\u00f1a\",\"publisher\":{\"@id\":\"https:\\\/\\\/mundopixel.es\\\/tienda\\\/#organization\"},\"potentialAction\":[{\"@type\":\"SearchAction\",\"target\":{\"@type\":\"EntryPoint\",\"urlTemplate\":\"https:\\\/\\\/mundopixel.es\\\/tienda\\\/?s={search_term_string}\"},\"query-input\":{\"@type\":\"PropertyValueSpecification\",\"valueRequired\":true,\"valueName\":\"search_term_string\"}}],\"inLanguage\":\"es\"},{\"@type\":\"Organization\",\"@id\":\"https:\\\/\\\/mundopixel.es\\\/tienda\\\/#organization\",\"name\":\"MundoPixel\",\"url\":\"https:\\\/\\\/mundopixel.es\\\/tienda\\\/\",\"logo\":{\"@type\":\"ImageObject\",\"inLanguage\":\"es\",\"@id\":\"https:\\\/\\\/mundopixel.es\\\/tienda\\\/#\\\/schema\\\/logo\\\/image\\\/\",\"url\":\"https:\\\/\\\/mundopixel.es\\\/tienda\\\/wp-content\\\/uploads\\\/2025\\\/05\\\/WhatsApp_Image_2025-04-24_at_17.42.43-removebg-preview.png\",\"contentUrl\":\"https:\\\/\\\/mundopixel.es\\\/tienda\\\/wp-content\\\/uploads\\\/2025\\\/05\\\/WhatsApp_Image_2025-04-24_at_17.42.43-removebg-preview.png\",\"width\":265,\"height\":212,\"caption\":\"MundoPixel\"},\"image\":{\"@id\":\"https:\\\/\\\/mundopixel.es\\\/tienda\\\/#\\\/schema\\\/logo\\\/image\\\/\"},\"sameAs\":[\"https:\\\/\\\/www.facebook.com\\\/mundopixelocana\\\/\",\"https:\\\/\\\/www.instagram.com\\\/mundopixel.es\\\/\"]}]}<\/script>\n<!-- \/ Yoast SEO plugin. -->","yoast_head_json":{"title":"Auriculares con Micr\u00f3fono y Conector Lightning APOKIN para iPhone - Mundo Pixel","robots":{"index":"index","follow":"follow","max-snippet":"max-snippet:-1","max-image-preview":"max-image-preview:large","max-video-preview":"max-video-preview:-1"},"canonical":"https:\/\/mundopixel.es\/tienda\/producto\/auriculares-con-microfono-y-conector-lightning-apokin-para-iphone\/","og_locale":"es_ES","og_type":"article","og_title":"Auriculares con Micr\u00f3fono y Conector Lightning APOKIN para iPhone - Mundo Pixel","og_description":"Bajos profundos y con m\u00e1s matices, protecci\u00f3n contra el agua y el sudor, te permite controlar la reproducci\u00f3n de archivos de m\u00fasica y v\u00eddeo as\u00ed como responder y\u00a0colgar llamadas. Especificaciones t\u00e9cnicas: Auriculares con Micr\u00f3fono y Conector Lightning\u00a0APOKIN Referencia: AP-05979 Color: Blanco Tipo de interfaz: Lightning Compatible con dispositivos conector Lightning: iPhone, iPad e iPod Cable: [&hellip;]","og_url":"https:\/\/mundopixel.es\/tienda\/producto\/auriculares-con-microfono-y-conector-lightning-apokin-para-iphone\/","og_site_name":"Mundo Pixel","article_publisher":"https:\/\/www.facebook.com\/mundopixelocana\/","article_modified_time":"2025-05-27T16:20:21+00:00","og_image":[{"width":800,"height":800,"url":"https:\/\/mundopixel.es\/tienda\/wp-content\/uploads\/2025\/03\/auriculares-con-microfono-y-conector-lightning-apokin-para-iphone-1.jpg","type":"image\/jpeg"}],"twitter_card":"summary_large_image","schema":{"@context":"https:\/\/schema.org","@graph":[{"@type":"WebPage","@id":"https:\/\/mundopixel.es\/tienda\/producto\/auriculares-con-microfono-y-conector-lightning-apokin-para-iphone\/","url":"https:\/\/mundopixel.es\/tienda\/producto\/auriculares-con-microfono-y-conector-lightning-apokin-para-iphone\/","name":"Auriculares con Micr\u00f3fono y Conector Lightning APOKIN para iPhone - Mundo Pixel","isPartOf":{"@id":"https:\/\/mundopixel.es\/tienda\/#website"},"primaryImageOfPage":{"@id":"https:\/\/mundopixel.es\/tienda\/producto\/auriculares-con-microfono-y-conector-lightning-apokin-para-iphone\/#primaryimage"},"image":{"@id":"https:\/\/mundopixel.es\/tienda\/producto\/auriculares-con-microfono-y-conector-lightning-apokin-para-iphone\/#primaryimage"},"thumbnailUrl":"https:\/\/mundopixel.es\/tienda\/wp-content\/uploads\/2025\/03\/auriculares-con-microfono-y-conector-lightning-apokin-para-iphone-1.jpg","datePublished":"2025-04-22T11:07:00+00:00","dateModified":"2025-05-27T16:20:21+00:00","breadcrumb":{"@id":"https:\/\/mundopixel.es\/tienda\/producto\/auriculares-con-microfono-y-conector-lightning-apokin-para-iphone\/#breadcrumb"},"inLanguage":"es","potentialAction":[{"@type":"ReadAction","target":["https:\/\/mundopixel.es\/tienda\/producto\/auriculares-con-microfono-y-conector-lightning-apokin-para-iphone\/"]}]},{"@type":"ImageObject","inLanguage":"es","@id":"https:\/\/mundopixel.es\/tienda\/producto\/auriculares-con-microfono-y-conector-lightning-apokin-para-iphone\/#primaryimage","url":"https:\/\/mundopixel.es\/tienda\/wp-content\/uploads\/2025\/03\/auriculares-con-microfono-y-conector-lightning-apokin-para-iphone-1.jpg","contentUrl":"https:\/\/mundopixel.es\/tienda\/wp-content\/uploads\/2025\/03\/auriculares-con-microfono-y-conector-lightning-apokin-para-iphone-1.jpg","width":800,"height":800},{"@type":"BreadcrumbList","@id":"https:\/\/mundopixel.es\/tienda\/producto\/auriculares-con-microfono-y-conector-lightning-apokin-para-iphone\/#breadcrumb","itemListElement":[{"@type":"ListItem","position":1,"name":"Portada","item":"https:\/\/mundopixel.es\/tienda\/"},{"@type":"ListItem","position":2,"name":"Catalogo","item":"https:\/\/mundopixel.es\/tienda\/shop\/"},{"@type":"ListItem","position":3,"name":"Auriculares con Micr\u00f3fono y Conector Lightning APOKIN para iPhone"}]},{"@type":"WebSite","@id":"https:\/\/mundopixel.es\/tienda\/#website","url":"https:\/\/mundopixel.es\/tienda\/","name":"Mundo Pixel - Tienda Online","description":"Tienda MundoPixel Oca\u00f1a","publisher":{"@id":"https:\/\/mundopixel.es\/tienda\/#organization"},"potentialAction":[{"@type":"SearchAction","target":{"@type":"EntryPoint","urlTemplate":"https:\/\/mundopixel.es\/tienda\/?s={search_term_string}"},"query-input":{"@type":"PropertyValueSpecification","valueRequired":true,"valueName":"search_term_string"}}],"inLanguage":"es"},{"@type":"Organization","@id":"https:\/\/mundopixel.es\/tienda\/#organization","name":"MundoPixel","url":"https:\/\/mundopixel.es\/tienda\/","logo":{"@type":"ImageObject","inLanguage":"es","@id":"https:\/\/mundopixel.es\/tienda\/#\/schema\/logo\/image\/","url":"https:\/\/mundopixel.es\/tienda\/wp-content\/uploads\/2025\/05\/WhatsApp_Image_2025-04-24_at_17.42.43-removebg-preview.png","contentUrl":"https:\/\/mundopixel.es\/tienda\/wp-content\/uploads\/2025\/05\/WhatsApp_Image_2025-04-24_at_17.42.43-removebg-preview.png","width":265,"height":212,"caption":"MundoPixel"},"image":{"@id":"https:\/\/mundopixel.es\/tienda\/#\/schema\/logo\/image\/"},"sameAs":["https:\/\/www.facebook.com\/mundopixelocana\/","https:\/\/www.instagram.com\/mundopixel.es\/"]}]}},"_links":{"self":[{"href":"https:\/\/mundopixel.es\/tienda\/wp-json\/wp\/v2\/product\/6999","targetHints":{"allow":["GET"]}}],"collection":[{"href":"https:\/\/mundopixel.es\/tienda\/wp-json\/wp\/v2\/product"}],"about":[{"href":"https:\/\/mundopixel.es\/tienda\/wp-json\/wp\/v2\/types\/product"}],"replies":[{"embeddable":true,"href":"https:\/\/mundopixel.es\/tienda\/wp-json\/wp\/v2\/comments?post=6999"}],"wp:featuredmedia":[{"embeddable":true,"href":"https:\/\/mundopixel.es\/tienda\/wp-json\/wp\/v2\/media\/2650"}],"wp:attachment":[{"href":"https:\/\/mundopixel.es\/tienda\/wp-json\/wp\/v2\/media?parent=6999"}],"wp:term":[{"taxonomy":"product_brand","embeddable":true,"href":"https:\/\/mundopixel.es\/tienda\/wp-json\/wp\/v2\/product_brand?post=6999"},{"taxonomy":"product_cat","embeddable":true,"href":"https:\/\/mundopixel.es\/tienda\/wp-json\/wp\/v2\/product_cat?post=6999"},{"taxonomy":"product_tag","embeddable":true,"href":"https:\/\/mundopixel.es\/tienda\/wp-json\/wp\/v2\/product_tag?post=6999"}],"curies":[{"name":"wp","href":"https:\/\/api.w.org\/{rel}","templated":true}]}}