{"id":6705,"date":"2025-04-22T11:06:00","date_gmt":"2025-04-22T11:06:00","guid":{"rendered":"https:\/\/mundopixel.es\/tienda\/?post_type=product&#038;p=6705"},"modified":"2025-05-26T16:28:20","modified_gmt":"2025-05-26T16:28:20","slug":"auricular-a04-bluetooth-5-0-air-pro-2-carga-inalambrica-blanco","status":"publish","type":"product","link":"https:\/\/mundopixel.es\/tienda\/producto\/auricular-a04-bluetooth-5-0-air-pro-2-carga-inalambrica-blanco\/","title":{"rendered":"Auricular A04 Bluetooth 5.0 Air Pro 2 Carga Inal\u00e1mbrica Blanco"},"content":{"rendered":"<\/p>\n<p><span style=\"color:#212529;font-family:'neuzeit-grotesk', 'Helvetica Neue', '-apple-system', BlinkMacSystemFont, sans-serif;font-size:16px;background-color:#ffffff\">\u00a0Descripci\u00f3n Versi\u00f3n: 5.0 Versi\u00f3n de red: CVC8.0 La distancia de trabajo: 10m Tensi\u00f3n y corriente de entrada de carga: 5V-1A Paquete incluido: 1 * para auriculares inal\u00e1mbricos (izquierda y derecha) 1 * Carga box 1 * Cable de carga 1 * Usuario Manua<\/span><\/p>\n<p>Incluye:<br \/>&#8211; Auriculares tipo Ai-Pods<br \/>&#8211; Estuche magn\u00e9tico de carga<br \/>&#8211; Cable\u00a0lightning de carga<br \/>&#8211; Manuales<\/p>\n<table>\n<tr>\n<td>Conexi\u00f3n Audio<\/td>\n<td>Bluetooth<\/td>\n<\/tr>\n<\/table>\n","protected":false},"excerpt":{"rendered":"<p>\u00a0Descripci\u00f3n Versi\u00f3n: 5.0 Versi\u00f3n de red: CVC8.0 La distancia de trabajo: 10m Tensi\u00f3n y corriente de entrada de carga: 5V-1A Paquete incluido: 1 * para auriculares inal\u00e1mbricos (izquierda y derecha) 1 * Carga box 1 * Cable de carga 1 * Usuario Manua Incluye:&#8211; Auriculares tipo Ai-Pods&#8211; Estuche magn\u00e9tico de carga&#8211; Cable\u00a0lightning de carga&#8211; Manuales [&hellip;]<\/p>\n","protected":false},"featured_media":2182,"comment_status":"open","ping_status":"closed","template":"","meta":[],"product_brand":[],"product_cat":[247,165,167],"product_tag":[246],"class_list":{"0":"post-6705","1":"product","2":"type-product","3":"status-publish","4":"has-post-thumbnail","6":"product_cat-accesorios-movil","7":"product_cat-auriculares","8":"product_cat-auriculares-sin-diadema","9":"product_tag-producto","11":"first","12":"instock","13":"shipping-taxable","14":"purchasable","15":"product-type-simple"},"yoast_head":"<!-- This site is optimized with the Yoast SEO plugin v27.4 - https:\/\/yoast.com\/product\/yoast-seo-wordpress\/ -->\n<title>Auricular A04 Bluetooth 5.0 Air Pro 2 Carga Inal\u00e1mbrica Blanco - Mundo Pixel<\/title>\n<meta name=\"robots\" content=\"index, follow, max-snippet:-1, max-image-preview:large, max-video-preview:-1\" \/>\n<link rel=\"canonical\" href=\"https:\/\/mundopixel.es\/tienda\/producto\/auricular-a04-bluetooth-5-0-air-pro-2-carga-inalambrica-blanco\/\" \/>\n<meta property=\"og:locale\" content=\"es_ES\" \/>\n<meta property=\"og:type\" content=\"article\" \/>\n<meta property=\"og:title\" content=\"Auricular A04 Bluetooth 5.0 Air Pro 2 Carga Inal\u00e1mbrica Blanco - Mundo Pixel\" \/>\n<meta property=\"og:description\" content=\"\u00a0Descripci\u00f3n Versi\u00f3n: 5.0 Versi\u00f3n de red: CVC8.0 La distancia de trabajo: 10m Tensi\u00f3n y corriente de entrada de carga: 5V-1A Paquete incluido: 1 * para auriculares inal\u00e1mbricos (izquierda y derecha) 1 * Carga box 1 * Cable de carga 1 * Usuario Manua Incluye:&#8211; Auriculares tipo Ai-Pods&#8211; Estuche magn\u00e9tico de carga&#8211; Cable\u00a0lightning de carga&#8211; Manuales [&hellip;]\" \/>\n<meta property=\"og:url\" content=\"https:\/\/mundopixel.es\/tienda\/producto\/auricular-a04-bluetooth-5-0-air-pro-2-carga-inalambrica-blanco\/\" \/>\n<meta property=\"og:site_name\" content=\"Mundo Pixel\" \/>\n<meta property=\"article:publisher\" content=\"https:\/\/www.facebook.com\/mundopixelocana\/\" \/>\n<meta property=\"article:modified_time\" content=\"2025-05-26T16:28:20+00:00\" \/>\n<meta property=\"og:image\" content=\"https:\/\/mundopixel.es\/tienda\/wp-content\/uploads\/2025\/03\/auricular-a04-bluetooth-50-air-pro-2-carga-inalambrica-blanco.jpg\" \/>\n\t<meta property=\"og:image:width\" content=\"800\" \/>\n\t<meta property=\"og:image:height\" content=\"800\" \/>\n\t<meta property=\"og:image:type\" content=\"image\/jpeg\" \/>\n<meta name=\"twitter:card\" content=\"summary_large_image\" \/>\n<script type=\"application\/ld+json\" class=\"yoast-schema-graph\">{\"@context\":\"https:\\\/\\\/schema.org\",\"@graph\":[{\"@type\":\"WebPage\",\"@id\":\"https:\\\/\\\/mundopixel.es\\\/tienda\\\/producto\\\/auricular-a04-bluetooth-5-0-air-pro-2-carga-inalambrica-blanco\\\/\",\"url\":\"https:\\\/\\\/mundopixel.es\\\/tienda\\\/producto\\\/auricular-a04-bluetooth-5-0-air-pro-2-carga-inalambrica-blanco\\\/\",\"name\":\"Auricular A04 Bluetooth 5.0 Air Pro 2 Carga Inal\u00e1mbrica Blanco - Mundo Pixel\",\"isPartOf\":{\"@id\":\"https:\\\/\\\/mundopixel.es\\\/tienda\\\/#website\"},\"primaryImageOfPage\":{\"@id\":\"https:\\\/\\\/mundopixel.es\\\/tienda\\\/producto\\\/auricular-a04-bluetooth-5-0-air-pro-2-carga-inalambrica-blanco\\\/#primaryimage\"},\"image\":{\"@id\":\"https:\\\/\\\/mundopixel.es\\\/tienda\\\/producto\\\/auricular-a04-bluetooth-5-0-air-pro-2-carga-inalambrica-blanco\\\/#primaryimage\"},\"thumbnailUrl\":\"https:\\\/\\\/mundopixel.es\\\/tienda\\\/wp-content\\\/uploads\\\/2025\\\/03\\\/auricular-a04-bluetooth-50-air-pro-2-carga-inalambrica-blanco.jpg\",\"datePublished\":\"2025-04-22T11:06:00+00:00\",\"dateModified\":\"2025-05-26T16:28:20+00:00\",\"breadcrumb\":{\"@id\":\"https:\\\/\\\/mundopixel.es\\\/tienda\\\/producto\\\/auricular-a04-bluetooth-5-0-air-pro-2-carga-inalambrica-blanco\\\/#breadcrumb\"},\"inLanguage\":\"es\",\"potentialAction\":[{\"@type\":\"ReadAction\",\"target\":[\"https:\\\/\\\/mundopixel.es\\\/tienda\\\/producto\\\/auricular-a04-bluetooth-5-0-air-pro-2-carga-inalambrica-blanco\\\/\"]}]},{\"@type\":\"ImageObject\",\"inLanguage\":\"es\",\"@id\":\"https:\\\/\\\/mundopixel.es\\\/tienda\\\/producto\\\/auricular-a04-bluetooth-5-0-air-pro-2-carga-inalambrica-blanco\\\/#primaryimage\",\"url\":\"https:\\\/\\\/mundopixel.es\\\/tienda\\\/wp-content\\\/uploads\\\/2025\\\/03\\\/auricular-a04-bluetooth-50-air-pro-2-carga-inalambrica-blanco.jpg\",\"contentUrl\":\"https:\\\/\\\/mundopixel.es\\\/tienda\\\/wp-content\\\/uploads\\\/2025\\\/03\\\/auricular-a04-bluetooth-50-air-pro-2-carga-inalambrica-blanco.jpg\",\"width\":800,\"height\":800},{\"@type\":\"BreadcrumbList\",\"@id\":\"https:\\\/\\\/mundopixel.es\\\/tienda\\\/producto\\\/auricular-a04-bluetooth-5-0-air-pro-2-carga-inalambrica-blanco\\\/#breadcrumb\",\"itemListElement\":[{\"@type\":\"ListItem\",\"position\":1,\"name\":\"Portada\",\"item\":\"https:\\\/\\\/mundopixel.es\\\/tienda\\\/\"},{\"@type\":\"ListItem\",\"position\":2,\"name\":\"Catalogo\",\"item\":\"https:\\\/\\\/mundopixel.es\\\/tienda\\\/shop\\\/\"},{\"@type\":\"ListItem\",\"position\":3,\"name\":\"Auricular A04 Bluetooth 5.0 Air Pro 2 Carga Inal\u00e1mbrica Blanco\"}]},{\"@type\":\"WebSite\",\"@id\":\"https:\\\/\\\/mundopixel.es\\\/tienda\\\/#website\",\"url\":\"https:\\\/\\\/mundopixel.es\\\/tienda\\\/\",\"name\":\"Mundo Pixel - Tienda Online\",\"description\":\"Tienda MundoPixel Oca\u00f1a\",\"publisher\":{\"@id\":\"https:\\\/\\\/mundopixel.es\\\/tienda\\\/#organization\"},\"potentialAction\":[{\"@type\":\"SearchAction\",\"target\":{\"@type\":\"EntryPoint\",\"urlTemplate\":\"https:\\\/\\\/mundopixel.es\\\/tienda\\\/?s={search_term_string}\"},\"query-input\":{\"@type\":\"PropertyValueSpecification\",\"valueRequired\":true,\"valueName\":\"search_term_string\"}}],\"inLanguage\":\"es\"},{\"@type\":\"Organization\",\"@id\":\"https:\\\/\\\/mundopixel.es\\\/tienda\\\/#organization\",\"name\":\"MundoPixel\",\"url\":\"https:\\\/\\\/mundopixel.es\\\/tienda\\\/\",\"logo\":{\"@type\":\"ImageObject\",\"inLanguage\":\"es\",\"@id\":\"https:\\\/\\\/mundopixel.es\\\/tienda\\\/#\\\/schema\\\/logo\\\/image\\\/\",\"url\":\"https:\\\/\\\/mundopixel.es\\\/tienda\\\/wp-content\\\/uploads\\\/2025\\\/05\\\/WhatsApp_Image_2025-04-24_at_17.42.43-removebg-preview.png\",\"contentUrl\":\"https:\\\/\\\/mundopixel.es\\\/tienda\\\/wp-content\\\/uploads\\\/2025\\\/05\\\/WhatsApp_Image_2025-04-24_at_17.42.43-removebg-preview.png\",\"width\":265,\"height\":212,\"caption\":\"MundoPixel\"},\"image\":{\"@id\":\"https:\\\/\\\/mundopixel.es\\\/tienda\\\/#\\\/schema\\\/logo\\\/image\\\/\"},\"sameAs\":[\"https:\\\/\\\/www.facebook.com\\\/mundopixelocana\\\/\",\"https:\\\/\\\/www.instagram.com\\\/mundopixel.es\\\/\"]}]}<\/script>\n<!-- \/ Yoast SEO plugin. -->","yoast_head_json":{"title":"Auricular A04 Bluetooth 5.0 Air Pro 2 Carga Inal\u00e1mbrica Blanco - Mundo Pixel","robots":{"index":"index","follow":"follow","max-snippet":"max-snippet:-1","max-image-preview":"max-image-preview:large","max-video-preview":"max-video-preview:-1"},"canonical":"https:\/\/mundopixel.es\/tienda\/producto\/auricular-a04-bluetooth-5-0-air-pro-2-carga-inalambrica-blanco\/","og_locale":"es_ES","og_type":"article","og_title":"Auricular A04 Bluetooth 5.0 Air Pro 2 Carga Inal\u00e1mbrica Blanco - Mundo Pixel","og_description":"\u00a0Descripci\u00f3n Versi\u00f3n: 5.0 Versi\u00f3n de red: CVC8.0 La distancia de trabajo: 10m Tensi\u00f3n y corriente de entrada de carga: 5V-1A Paquete incluido: 1 * para auriculares inal\u00e1mbricos (izquierda y derecha) 1 * Carga box 1 * Cable de carga 1 * Usuario Manua Incluye:&#8211; Auriculares tipo Ai-Pods&#8211; Estuche magn\u00e9tico de carga&#8211; Cable\u00a0lightning de carga&#8211; Manuales [&hellip;]","og_url":"https:\/\/mundopixel.es\/tienda\/producto\/auricular-a04-bluetooth-5-0-air-pro-2-carga-inalambrica-blanco\/","og_site_name":"Mundo Pixel","article_publisher":"https:\/\/www.facebook.com\/mundopixelocana\/","article_modified_time":"2025-05-26T16:28:20+00:00","og_image":[{"width":800,"height":800,"url":"https:\/\/mundopixel.es\/tienda\/wp-content\/uploads\/2025\/03\/auricular-a04-bluetooth-50-air-pro-2-carga-inalambrica-blanco.jpg","type":"image\/jpeg"}],"twitter_card":"summary_large_image","schema":{"@context":"https:\/\/schema.org","@graph":[{"@type":"WebPage","@id":"https:\/\/mundopixel.es\/tienda\/producto\/auricular-a04-bluetooth-5-0-air-pro-2-carga-inalambrica-blanco\/","url":"https:\/\/mundopixel.es\/tienda\/producto\/auricular-a04-bluetooth-5-0-air-pro-2-carga-inalambrica-blanco\/","name":"Auricular A04 Bluetooth 5.0 Air Pro 2 Carga Inal\u00e1mbrica Blanco - Mundo Pixel","isPartOf":{"@id":"https:\/\/mundopixel.es\/tienda\/#website"},"primaryImageOfPage":{"@id":"https:\/\/mundopixel.es\/tienda\/producto\/auricular-a04-bluetooth-5-0-air-pro-2-carga-inalambrica-blanco\/#primaryimage"},"image":{"@id":"https:\/\/mundopixel.es\/tienda\/producto\/auricular-a04-bluetooth-5-0-air-pro-2-carga-inalambrica-blanco\/#primaryimage"},"thumbnailUrl":"https:\/\/mundopixel.es\/tienda\/wp-content\/uploads\/2025\/03\/auricular-a04-bluetooth-50-air-pro-2-carga-inalambrica-blanco.jpg","datePublished":"2025-04-22T11:06:00+00:00","dateModified":"2025-05-26T16:28:20+00:00","breadcrumb":{"@id":"https:\/\/mundopixel.es\/tienda\/producto\/auricular-a04-bluetooth-5-0-air-pro-2-carga-inalambrica-blanco\/#breadcrumb"},"inLanguage":"es","potentialAction":[{"@type":"ReadAction","target":["https:\/\/mundopixel.es\/tienda\/producto\/auricular-a04-bluetooth-5-0-air-pro-2-carga-inalambrica-blanco\/"]}]},{"@type":"ImageObject","inLanguage":"es","@id":"https:\/\/mundopixel.es\/tienda\/producto\/auricular-a04-bluetooth-5-0-air-pro-2-carga-inalambrica-blanco\/#primaryimage","url":"https:\/\/mundopixel.es\/tienda\/wp-content\/uploads\/2025\/03\/auricular-a04-bluetooth-50-air-pro-2-carga-inalambrica-blanco.jpg","contentUrl":"https:\/\/mundopixel.es\/tienda\/wp-content\/uploads\/2025\/03\/auricular-a04-bluetooth-50-air-pro-2-carga-inalambrica-blanco.jpg","width":800,"height":800},{"@type":"BreadcrumbList","@id":"https:\/\/mundopixel.es\/tienda\/producto\/auricular-a04-bluetooth-5-0-air-pro-2-carga-inalambrica-blanco\/#breadcrumb","itemListElement":[{"@type":"ListItem","position":1,"name":"Portada","item":"https:\/\/mundopixel.es\/tienda\/"},{"@type":"ListItem","position":2,"name":"Catalogo","item":"https:\/\/mundopixel.es\/tienda\/shop\/"},{"@type":"ListItem","position":3,"name":"Auricular A04 Bluetooth 5.0 Air Pro 2 Carga Inal\u00e1mbrica Blanco"}]},{"@type":"WebSite","@id":"https:\/\/mundopixel.es\/tienda\/#website","url":"https:\/\/mundopixel.es\/tienda\/","name":"Mundo Pixel - Tienda Online","description":"Tienda MundoPixel Oca\u00f1a","publisher":{"@id":"https:\/\/mundopixel.es\/tienda\/#organization"},"potentialAction":[{"@type":"SearchAction","target":{"@type":"EntryPoint","urlTemplate":"https:\/\/mundopixel.es\/tienda\/?s={search_term_string}"},"query-input":{"@type":"PropertyValueSpecification","valueRequired":true,"valueName":"search_term_string"}}],"inLanguage":"es"},{"@type":"Organization","@id":"https:\/\/mundopixel.es\/tienda\/#organization","name":"MundoPixel","url":"https:\/\/mundopixel.es\/tienda\/","logo":{"@type":"ImageObject","inLanguage":"es","@id":"https:\/\/mundopixel.es\/tienda\/#\/schema\/logo\/image\/","url":"https:\/\/mundopixel.es\/tienda\/wp-content\/uploads\/2025\/05\/WhatsApp_Image_2025-04-24_at_17.42.43-removebg-preview.png","contentUrl":"https:\/\/mundopixel.es\/tienda\/wp-content\/uploads\/2025\/05\/WhatsApp_Image_2025-04-24_at_17.42.43-removebg-preview.png","width":265,"height":212,"caption":"MundoPixel"},"image":{"@id":"https:\/\/mundopixel.es\/tienda\/#\/schema\/logo\/image\/"},"sameAs":["https:\/\/www.facebook.com\/mundopixelocana\/","https:\/\/www.instagram.com\/mundopixel.es\/"]}]}},"_links":{"self":[{"href":"https:\/\/mundopixel.es\/tienda\/wp-json\/wp\/v2\/product\/6705","targetHints":{"allow":["GET"]}}],"collection":[{"href":"https:\/\/mundopixel.es\/tienda\/wp-json\/wp\/v2\/product"}],"about":[{"href":"https:\/\/mundopixel.es\/tienda\/wp-json\/wp\/v2\/types\/product"}],"replies":[{"embeddable":true,"href":"https:\/\/mundopixel.es\/tienda\/wp-json\/wp\/v2\/comments?post=6705"}],"wp:featuredmedia":[{"embeddable":true,"href":"https:\/\/mundopixel.es\/tienda\/wp-json\/wp\/v2\/media\/2182"}],"wp:attachment":[{"href":"https:\/\/mundopixel.es\/tienda\/wp-json\/wp\/v2\/media?parent=6705"}],"wp:term":[{"taxonomy":"product_brand","embeddable":true,"href":"https:\/\/mundopixel.es\/tienda\/wp-json\/wp\/v2\/product_brand?post=6705"},{"taxonomy":"product_cat","embeddable":true,"href":"https:\/\/mundopixel.es\/tienda\/wp-json\/wp\/v2\/product_cat?post=6705"},{"taxonomy":"product_tag","embeddable":true,"href":"https:\/\/mundopixel.es\/tienda\/wp-json\/wp\/v2\/product_tag?post=6705"}],"curies":[{"name":"wp","href":"https:\/\/api.w.org\/{rel}","templated":true}]}}