{"id":6651,"date":"2025-04-22T11:06:00","date_gmt":"2025-04-22T11:06:00","guid":{"rendered":"https:\/\/mundopixel.es\/tienda\/?post_type=product&#038;p=6651"},"modified":"2025-05-28T16:57:52","modified_gmt":"2025-05-28T16:57:52","slug":"adaptador-moxom-cb-02-con-2-puertos-para-cable-de-carga-2-4a-y-cable-de-audio-con-anilla-magnetica-lightning","status":"publish","type":"product","link":"https:\/\/mundopixel.es\/tienda\/producto\/adaptador-moxom-cb-02-con-2-puertos-para-cable-de-carga-2-4a-y-cable-de-audio-con-anilla-magnetica-lightning\/","title":{"rendered":"Adaptador Moxom CB-02 con 2 Puertos para cable de Carga 2.4A y cable de Audio con Anilla Magn\u00e9tica &#8211; Lightning"},"content":{"rendered":"<p><strong><span>Informaci\u00f3n t\u00e9cnica:<\/span><\/strong><\/p>\n<ul>\n<li><span>Cable de Datos y Carga R\u00e1pida\u00a0MOXOM CB-02 2.4A<\/span><\/li>\n<li><span>Referencia: CB-02 \/ 21931<\/span><\/li>\n<li><span>Conectores: Lightning<\/span><\/li>\n<li><span>Puertos: 2 Puertos para Lightning<\/span><\/li>\n<li><span>Compatible USB 2.0 &#8211; 2.4A<\/span><\/li>\n<li><span>Colores:\u00a0Negro<\/span><\/li>\n<li><span>Anilla Magn\u00e9tica<\/span><\/li>\n<\/ul>\n<table>\n<tr>\n<td>Tipo de Cable<\/td>\n<td>Cable Lightning<\/td>\n<\/tr>\n<tr>\n<td>Longitud<\/td>\n<td>Menos 1 Metro<\/td>\n<\/tr>\n<tr>\n<td>Color<\/td>\n<td>Negro<\/td>\n<\/tr>\n<tr>\n<td>Potencia<\/td>\n<td>2.4A<\/td>\n<\/tr>\n<\/table>\n","protected":false},"excerpt":{"rendered":"<p>Informaci\u00f3n t\u00e9cnica: Cable de Datos y Carga R\u00e1pida\u00a0MOXOM CB-02 2.4A Referencia: CB-02 \/ 21931 Conectores: Lightning Puertos: 2 Puertos para Lightning Compatible USB 2.0 &#8211; 2.4A Colores:\u00a0Negro Anilla Magn\u00e9tica Tipo de Cable Cable Lightning Longitud Menos 1 Metro Color Negro Potencia 2.4A<\/p>\n","protected":false},"featured_media":2101,"comment_status":"open","ping_status":"closed","template":"","meta":[],"product_brand":[],"product_cat":[247,173],"product_tag":[246],"class_list":{"0":"post-6651","1":"product","2":"type-product","3":"status-publish","4":"has-post-thumbnail","6":"product_cat-accesorios-movil","7":"product_cat-adaptadores","8":"product_tag-producto","10":"first","11":"instock","12":"shipping-taxable","13":"purchasable","14":"product-type-simple"},"yoast_head":"<!-- This site is optimized with the Yoast SEO plugin v27.4 - https:\/\/yoast.com\/product\/yoast-seo-wordpress\/ -->\n<title>Adaptador Moxom CB-02 con 2 Puertos para cable de Carga 2.4A y cable de Audio con Anilla Magn\u00e9tica - Lightning - Mundo Pixel<\/title>\n<meta name=\"robots\" content=\"index, follow, max-snippet:-1, max-image-preview:large, max-video-preview:-1\" \/>\n<link rel=\"canonical\" href=\"https:\/\/mundopixel.es\/tienda\/producto\/adaptador-moxom-cb-02-con-2-puertos-para-cable-de-carga-2-4a-y-cable-de-audio-con-anilla-magnetica-lightning\/\" \/>\n<meta property=\"og:locale\" content=\"es_ES\" \/>\n<meta property=\"og:type\" content=\"article\" \/>\n<meta property=\"og:title\" content=\"Adaptador Moxom CB-02 con 2 Puertos para cable de Carga 2.4A y cable de Audio con Anilla Magn\u00e9tica - Lightning - Mundo Pixel\" \/>\n<meta property=\"og:description\" content=\"Informaci\u00f3n t\u00e9cnica: Cable de Datos y Carga R\u00e1pida\u00a0MOXOM CB-02 2.4A Referencia: CB-02 \/ 21931 Conectores: Lightning Puertos: 2 Puertos para Lightning Compatible USB 2.0 &#8211; 2.4A Colores:\u00a0Negro Anilla Magn\u00e9tica Tipo de Cable Cable Lightning Longitud Menos 1 Metro Color Negro Potencia 2.4A\" \/>\n<meta property=\"og:url\" content=\"https:\/\/mundopixel.es\/tienda\/producto\/adaptador-moxom-cb-02-con-2-puertos-para-cable-de-carga-2-4a-y-cable-de-audio-con-anilla-magnetica-lightning\/\" \/>\n<meta property=\"og:site_name\" content=\"Mundo Pixel\" \/>\n<meta property=\"article:publisher\" content=\"https:\/\/www.facebook.com\/mundopixelocana\/\" \/>\n<meta property=\"article:modified_time\" content=\"2025-05-28T16:57:52+00:00\" \/>\n<meta property=\"og:image\" content=\"https:\/\/mundopixel.es\/tienda\/wp-content\/uploads\/2025\/03\/adaptador-moxom-cb-02-con-2-puertos-para-cable-de-carga-24a-y-cable-de-audio-con-anilla-magnetica-lightningmx-cb0221931.jpg\" \/>\n\t<meta property=\"og:image:width\" content=\"800\" \/>\n\t<meta property=\"og:image:height\" content=\"800\" \/>\n\t<meta property=\"og:image:type\" content=\"image\/jpeg\" \/>\n<meta name=\"twitter:card\" content=\"summary_large_image\" \/>\n<script type=\"application\/ld+json\" class=\"yoast-schema-graph\">{\"@context\":\"https:\\\/\\\/schema.org\",\"@graph\":[{\"@type\":\"WebPage\",\"@id\":\"https:\\\/\\\/mundopixel.es\\\/tienda\\\/producto\\\/adaptador-moxom-cb-02-con-2-puertos-para-cable-de-carga-2-4a-y-cable-de-audio-con-anilla-magnetica-lightning\\\/\",\"url\":\"https:\\\/\\\/mundopixel.es\\\/tienda\\\/producto\\\/adaptador-moxom-cb-02-con-2-puertos-para-cable-de-carga-2-4a-y-cable-de-audio-con-anilla-magnetica-lightning\\\/\",\"name\":\"Adaptador Moxom CB-02 con 2 Puertos para cable de Carga 2.4A y cable de Audio con Anilla Magn\u00e9tica - Lightning - Mundo Pixel\",\"isPartOf\":{\"@id\":\"https:\\\/\\\/mundopixel.es\\\/tienda\\\/#website\"},\"primaryImageOfPage\":{\"@id\":\"https:\\\/\\\/mundopixel.es\\\/tienda\\\/producto\\\/adaptador-moxom-cb-02-con-2-puertos-para-cable-de-carga-2-4a-y-cable-de-audio-con-anilla-magnetica-lightning\\\/#primaryimage\"},\"image\":{\"@id\":\"https:\\\/\\\/mundopixel.es\\\/tienda\\\/producto\\\/adaptador-moxom-cb-02-con-2-puertos-para-cable-de-carga-2-4a-y-cable-de-audio-con-anilla-magnetica-lightning\\\/#primaryimage\"},\"thumbnailUrl\":\"https:\\\/\\\/mundopixel.es\\\/tienda\\\/wp-content\\\/uploads\\\/2025\\\/03\\\/adaptador-moxom-cb-02-con-2-puertos-para-cable-de-carga-24a-y-cable-de-audio-con-anilla-magnetica-lightningmx-cb0221931.jpg\",\"datePublished\":\"2025-04-22T11:06:00+00:00\",\"dateModified\":\"2025-05-28T16:57:52+00:00\",\"breadcrumb\":{\"@id\":\"https:\\\/\\\/mundopixel.es\\\/tienda\\\/producto\\\/adaptador-moxom-cb-02-con-2-puertos-para-cable-de-carga-2-4a-y-cable-de-audio-con-anilla-magnetica-lightning\\\/#breadcrumb\"},\"inLanguage\":\"es\",\"potentialAction\":[{\"@type\":\"ReadAction\",\"target\":[\"https:\\\/\\\/mundopixel.es\\\/tienda\\\/producto\\\/adaptador-moxom-cb-02-con-2-puertos-para-cable-de-carga-2-4a-y-cable-de-audio-con-anilla-magnetica-lightning\\\/\"]}]},{\"@type\":\"ImageObject\",\"inLanguage\":\"es\",\"@id\":\"https:\\\/\\\/mundopixel.es\\\/tienda\\\/producto\\\/adaptador-moxom-cb-02-con-2-puertos-para-cable-de-carga-2-4a-y-cable-de-audio-con-anilla-magnetica-lightning\\\/#primaryimage\",\"url\":\"https:\\\/\\\/mundopixel.es\\\/tienda\\\/wp-content\\\/uploads\\\/2025\\\/03\\\/adaptador-moxom-cb-02-con-2-puertos-para-cable-de-carga-24a-y-cable-de-audio-con-anilla-magnetica-lightningmx-cb0221931.jpg\",\"contentUrl\":\"https:\\\/\\\/mundopixel.es\\\/tienda\\\/wp-content\\\/uploads\\\/2025\\\/03\\\/adaptador-moxom-cb-02-con-2-puertos-para-cable-de-carga-24a-y-cable-de-audio-con-anilla-magnetica-lightningmx-cb0221931.jpg\",\"width\":800,\"height\":800},{\"@type\":\"BreadcrumbList\",\"@id\":\"https:\\\/\\\/mundopixel.es\\\/tienda\\\/producto\\\/adaptador-moxom-cb-02-con-2-puertos-para-cable-de-carga-2-4a-y-cable-de-audio-con-anilla-magnetica-lightning\\\/#breadcrumb\",\"itemListElement\":[{\"@type\":\"ListItem\",\"position\":1,\"name\":\"Portada\",\"item\":\"https:\\\/\\\/mundopixel.es\\\/tienda\\\/\"},{\"@type\":\"ListItem\",\"position\":2,\"name\":\"Catalogo\",\"item\":\"https:\\\/\\\/mundopixel.es\\\/tienda\\\/shop\\\/\"},{\"@type\":\"ListItem\",\"position\":3,\"name\":\"Adaptador Moxom CB-02 con 2 Puertos para cable de Carga 2.4A y cable de Audio con Anilla Magn\u00e9tica &#8211; Lightning\"}]},{\"@type\":\"WebSite\",\"@id\":\"https:\\\/\\\/mundopixel.es\\\/tienda\\\/#website\",\"url\":\"https:\\\/\\\/mundopixel.es\\\/tienda\\\/\",\"name\":\"Mundo Pixel - Tienda Online\",\"description\":\"Tienda MundoPixel Oca\u00f1a\",\"publisher\":{\"@id\":\"https:\\\/\\\/mundopixel.es\\\/tienda\\\/#organization\"},\"potentialAction\":[{\"@type\":\"SearchAction\",\"target\":{\"@type\":\"EntryPoint\",\"urlTemplate\":\"https:\\\/\\\/mundopixel.es\\\/tienda\\\/?s={search_term_string}\"},\"query-input\":{\"@type\":\"PropertyValueSpecification\",\"valueRequired\":true,\"valueName\":\"search_term_string\"}}],\"inLanguage\":\"es\"},{\"@type\":\"Organization\",\"@id\":\"https:\\\/\\\/mundopixel.es\\\/tienda\\\/#organization\",\"name\":\"MundoPixel\",\"url\":\"https:\\\/\\\/mundopixel.es\\\/tienda\\\/\",\"logo\":{\"@type\":\"ImageObject\",\"inLanguage\":\"es\",\"@id\":\"https:\\\/\\\/mundopixel.es\\\/tienda\\\/#\\\/schema\\\/logo\\\/image\\\/\",\"url\":\"https:\\\/\\\/mundopixel.es\\\/tienda\\\/wp-content\\\/uploads\\\/2025\\\/05\\\/WhatsApp_Image_2025-04-24_at_17.42.43-removebg-preview.png\",\"contentUrl\":\"https:\\\/\\\/mundopixel.es\\\/tienda\\\/wp-content\\\/uploads\\\/2025\\\/05\\\/WhatsApp_Image_2025-04-24_at_17.42.43-removebg-preview.png\",\"width\":265,\"height\":212,\"caption\":\"MundoPixel\"},\"image\":{\"@id\":\"https:\\\/\\\/mundopixel.es\\\/tienda\\\/#\\\/schema\\\/logo\\\/image\\\/\"},\"sameAs\":[\"https:\\\/\\\/www.facebook.com\\\/mundopixelocana\\\/\",\"https:\\\/\\\/www.instagram.com\\\/mundopixel.es\\\/\"]}]}<\/script>\n<!-- \/ Yoast SEO plugin. -->","yoast_head_json":{"title":"Adaptador Moxom CB-02 con 2 Puertos para cable de Carga 2.4A y cable de Audio con Anilla Magn\u00e9tica - Lightning - Mundo Pixel","robots":{"index":"index","follow":"follow","max-snippet":"max-snippet:-1","max-image-preview":"max-image-preview:large","max-video-preview":"max-video-preview:-1"},"canonical":"https:\/\/mundopixel.es\/tienda\/producto\/adaptador-moxom-cb-02-con-2-puertos-para-cable-de-carga-2-4a-y-cable-de-audio-con-anilla-magnetica-lightning\/","og_locale":"es_ES","og_type":"article","og_title":"Adaptador Moxom CB-02 con 2 Puertos para cable de Carga 2.4A y cable de Audio con Anilla Magn\u00e9tica - Lightning - Mundo Pixel","og_description":"Informaci\u00f3n t\u00e9cnica: Cable de Datos y Carga R\u00e1pida\u00a0MOXOM CB-02 2.4A Referencia: CB-02 \/ 21931 Conectores: Lightning Puertos: 2 Puertos para Lightning Compatible USB 2.0 &#8211; 2.4A Colores:\u00a0Negro Anilla Magn\u00e9tica Tipo de Cable Cable Lightning Longitud Menos 1 Metro Color Negro Potencia 2.4A","og_url":"https:\/\/mundopixel.es\/tienda\/producto\/adaptador-moxom-cb-02-con-2-puertos-para-cable-de-carga-2-4a-y-cable-de-audio-con-anilla-magnetica-lightning\/","og_site_name":"Mundo Pixel","article_publisher":"https:\/\/www.facebook.com\/mundopixelocana\/","article_modified_time":"2025-05-28T16:57:52+00:00","og_image":[{"width":800,"height":800,"url":"https:\/\/mundopixel.es\/tienda\/wp-content\/uploads\/2025\/03\/adaptador-moxom-cb-02-con-2-puertos-para-cable-de-carga-24a-y-cable-de-audio-con-anilla-magnetica-lightningmx-cb0221931.jpg","type":"image\/jpeg"}],"twitter_card":"summary_large_image","schema":{"@context":"https:\/\/schema.org","@graph":[{"@type":"WebPage","@id":"https:\/\/mundopixel.es\/tienda\/producto\/adaptador-moxom-cb-02-con-2-puertos-para-cable-de-carga-2-4a-y-cable-de-audio-con-anilla-magnetica-lightning\/","url":"https:\/\/mundopixel.es\/tienda\/producto\/adaptador-moxom-cb-02-con-2-puertos-para-cable-de-carga-2-4a-y-cable-de-audio-con-anilla-magnetica-lightning\/","name":"Adaptador Moxom CB-02 con 2 Puertos para cable de Carga 2.4A y cable de Audio con Anilla Magn\u00e9tica - Lightning - Mundo Pixel","isPartOf":{"@id":"https:\/\/mundopixel.es\/tienda\/#website"},"primaryImageOfPage":{"@id":"https:\/\/mundopixel.es\/tienda\/producto\/adaptador-moxom-cb-02-con-2-puertos-para-cable-de-carga-2-4a-y-cable-de-audio-con-anilla-magnetica-lightning\/#primaryimage"},"image":{"@id":"https:\/\/mundopixel.es\/tienda\/producto\/adaptador-moxom-cb-02-con-2-puertos-para-cable-de-carga-2-4a-y-cable-de-audio-con-anilla-magnetica-lightning\/#primaryimage"},"thumbnailUrl":"https:\/\/mundopixel.es\/tienda\/wp-content\/uploads\/2025\/03\/adaptador-moxom-cb-02-con-2-puertos-para-cable-de-carga-24a-y-cable-de-audio-con-anilla-magnetica-lightningmx-cb0221931.jpg","datePublished":"2025-04-22T11:06:00+00:00","dateModified":"2025-05-28T16:57:52+00:00","breadcrumb":{"@id":"https:\/\/mundopixel.es\/tienda\/producto\/adaptador-moxom-cb-02-con-2-puertos-para-cable-de-carga-2-4a-y-cable-de-audio-con-anilla-magnetica-lightning\/#breadcrumb"},"inLanguage":"es","potentialAction":[{"@type":"ReadAction","target":["https:\/\/mundopixel.es\/tienda\/producto\/adaptador-moxom-cb-02-con-2-puertos-para-cable-de-carga-2-4a-y-cable-de-audio-con-anilla-magnetica-lightning\/"]}]},{"@type":"ImageObject","inLanguage":"es","@id":"https:\/\/mundopixel.es\/tienda\/producto\/adaptador-moxom-cb-02-con-2-puertos-para-cable-de-carga-2-4a-y-cable-de-audio-con-anilla-magnetica-lightning\/#primaryimage","url":"https:\/\/mundopixel.es\/tienda\/wp-content\/uploads\/2025\/03\/adaptador-moxom-cb-02-con-2-puertos-para-cable-de-carga-24a-y-cable-de-audio-con-anilla-magnetica-lightningmx-cb0221931.jpg","contentUrl":"https:\/\/mundopixel.es\/tienda\/wp-content\/uploads\/2025\/03\/adaptador-moxom-cb-02-con-2-puertos-para-cable-de-carga-24a-y-cable-de-audio-con-anilla-magnetica-lightningmx-cb0221931.jpg","width":800,"height":800},{"@type":"BreadcrumbList","@id":"https:\/\/mundopixel.es\/tienda\/producto\/adaptador-moxom-cb-02-con-2-puertos-para-cable-de-carga-2-4a-y-cable-de-audio-con-anilla-magnetica-lightning\/#breadcrumb","itemListElement":[{"@type":"ListItem","position":1,"name":"Portada","item":"https:\/\/mundopixel.es\/tienda\/"},{"@type":"ListItem","position":2,"name":"Catalogo","item":"https:\/\/mundopixel.es\/tienda\/shop\/"},{"@type":"ListItem","position":3,"name":"Adaptador Moxom CB-02 con 2 Puertos para cable de Carga 2.4A y cable de Audio con Anilla Magn\u00e9tica &#8211; Lightning"}]},{"@type":"WebSite","@id":"https:\/\/mundopixel.es\/tienda\/#website","url":"https:\/\/mundopixel.es\/tienda\/","name":"Mundo Pixel - Tienda Online","description":"Tienda MundoPixel Oca\u00f1a","publisher":{"@id":"https:\/\/mundopixel.es\/tienda\/#organization"},"potentialAction":[{"@type":"SearchAction","target":{"@type":"EntryPoint","urlTemplate":"https:\/\/mundopixel.es\/tienda\/?s={search_term_string}"},"query-input":{"@type":"PropertyValueSpecification","valueRequired":true,"valueName":"search_term_string"}}],"inLanguage":"es"},{"@type":"Organization","@id":"https:\/\/mundopixel.es\/tienda\/#organization","name":"MundoPixel","url":"https:\/\/mundopixel.es\/tienda\/","logo":{"@type":"ImageObject","inLanguage":"es","@id":"https:\/\/mundopixel.es\/tienda\/#\/schema\/logo\/image\/","url":"https:\/\/mundopixel.es\/tienda\/wp-content\/uploads\/2025\/05\/WhatsApp_Image_2025-04-24_at_17.42.43-removebg-preview.png","contentUrl":"https:\/\/mundopixel.es\/tienda\/wp-content\/uploads\/2025\/05\/WhatsApp_Image_2025-04-24_at_17.42.43-removebg-preview.png","width":265,"height":212,"caption":"MundoPixel"},"image":{"@id":"https:\/\/mundopixel.es\/tienda\/#\/schema\/logo\/image\/"},"sameAs":["https:\/\/www.facebook.com\/mundopixelocana\/","https:\/\/www.instagram.com\/mundopixel.es\/"]}]}},"_links":{"self":[{"href":"https:\/\/mundopixel.es\/tienda\/wp-json\/wp\/v2\/product\/6651","targetHints":{"allow":["GET"]}}],"collection":[{"href":"https:\/\/mundopixel.es\/tienda\/wp-json\/wp\/v2\/product"}],"about":[{"href":"https:\/\/mundopixel.es\/tienda\/wp-json\/wp\/v2\/types\/product"}],"replies":[{"embeddable":true,"href":"https:\/\/mundopixel.es\/tienda\/wp-json\/wp\/v2\/comments?post=6651"}],"wp:featuredmedia":[{"embeddable":true,"href":"https:\/\/mundopixel.es\/tienda\/wp-json\/wp\/v2\/media\/2101"}],"wp:attachment":[{"href":"https:\/\/mundopixel.es\/tienda\/wp-json\/wp\/v2\/media?parent=6651"}],"wp:term":[{"taxonomy":"product_brand","embeddable":true,"href":"https:\/\/mundopixel.es\/tienda\/wp-json\/wp\/v2\/product_brand?post=6651"},{"taxonomy":"product_cat","embeddable":true,"href":"https:\/\/mundopixel.es\/tienda\/wp-json\/wp\/v2\/product_cat?post=6651"},{"taxonomy":"product_tag","embeddable":true,"href":"https:\/\/mundopixel.es\/tienda\/wp-json\/wp\/v2\/product_tag?post=6651"}],"curies":[{"name":"wp","href":"https:\/\/api.w.org\/{rel}","templated":true}]}}